{"id":941,"date":"2017-12-04T16:08:17","date_gmt":"2017-12-04T16:08:17","guid":{"rendered":"http:\/\/theme.ridianur.com\/cimol\/?page_id=941"},"modified":"2022-08-25T21:12:36","modified_gmt":"2022-08-25T21:12:36","slug":"productos","status":"publish","type":"page","link":"https:\/\/mistolinproducts.com\/en\/productos\/","title":{"rendered":"PRODUCTS"},"content":{"rendered":"<div data-elementor-type=\"wp-page\" data-elementor-id=\"941\" class=\"elementor elementor-941\">\n\t\t\t\t\t\t<section class=\"elementor-section elementor-top-section elementor-element elementor-element-894bd55 elementor-section-height-min-height elementor-section-boxed elementor-section-height-default elementor-section-items-middle\" data-id=\"894bd55\" data-element_type=\"section\" data-e-type=\"section\">\n\t\t\t\t\t\t<div class=\"elementor-container elementor-column-gap-default\">\n\t\t\t\t\t<div class=\"elementor-column elementor-col-33 elementor-top-column elementor-element elementor-element-d5843a8\" data-id=\"d5843a8\" data-element_type=\"column\" data-e-type=\"column\">\n\t\t\t<div class=\"elementor-widget-wrap elementor-element-populated\">\n\t\t\t\t\t\t<div class=\"elementor-element elementor-element-4fde281 elementor-widget elementor-widget-heading\" data-id=\"4fde281\" data-element_type=\"widget\" data-e-type=\"widget\" data-widget_type=\"heading.default\">\n\t\t\t\t<div class=\"elementor-widget-container\">\n\t\t\t\t\t<h1 class=\"elementor-heading-title elementor-size-default\">PRODUCTS<\/h1>\t\t\t\t<\/div>\n\t\t\t\t<\/div>\n\t\t\t\t\t<\/div>\n\t\t<\/div>\n\t\t\t\t<div class=\"elementor-column elementor-col-66 elementor-top-column elementor-element elementor-element-91dfdf9\" data-id=\"91dfdf9\" data-element_type=\"column\" data-e-type=\"column\">\n\t\t\t<div class=\"elementor-widget-wrap elementor-element-populated\">\n\t\t\t\t\t\t<div class=\"elementor-element elementor-element-5d7acb0 elementor-widget elementor-widget-text-editor\" data-id=\"5d7acb0\" data-element_type=\"widget\" data-e-type=\"widget\" data-widget_type=\"text-editor.default\">\n\t\t\t\t<div class=\"elementor-widget-container\">\n\t\t\t\t\t\t\t\t\t<h3 style=\"text-align: center;\">With our cleaning products you can keep your home clean. Also, your home will smell amazing with our fragrances.<\/h3>\t\t\t\t\t\t\t\t<\/div>\n\t\t\t\t<\/div>\n\t\t\t\t\t<\/div>\n\t\t<\/div>\n\t\t\t\t\t<\/div>\n\t\t<\/section>\n\t\t\t\t<section class=\"elementor-section elementor-top-section elementor-element elementor-element-40a9e10 elementor-section-boxed elementor-section-height-default elementor-section-height-default\" data-id=\"40a9e10\" data-element_type=\"section\" data-e-type=\"section\">\n\t\t\t\t\t\t<div class=\"elementor-container elementor-column-gap-default\">\n\t\t\t\t\t<div class=\"elementor-column elementor-col-100 elementor-top-column elementor-element elementor-element-e44c73b\" data-id=\"e44c73b\" data-element_type=\"column\" data-e-type=\"column\">\n\t\t\t<div class=\"elementor-widget-wrap elementor-element-populated\">\n\t\t\t\t\t\t<div class=\"elementor-element elementor-element-9a60529 elementor-widget elementor-widget-cimol-portfolio\" data-id=\"9a60529\" data-element_type=\"widget\" data-e-type=\"widget\" data-widget_type=\"cimol-portfolio.default\">\n\t\t\t\t<div class=\"elementor-widget-container\">\n\t\t\t\t\t\t\t\r\n        \r\n   \r\n   \t\t<div class=\"portfolio-body clearfix\">\r\n\t\t\t            \r\n                        <div class=\"col-md-3             port-item variedad-oz- post-1626 portfolio type-portfolio status-publish has-post-thumbnail hentry portfolio_category-15oz\" id=\"post-1626\">\r\n                \r\n                <div class=\"port-inner\">\r\n                    <a class=\"port-link\" href=\"https:\/\/mistolinproducts.com\/en\/portfolio\/variedad-15oz\/\" ><\/a>\r\n                    <div class=\"port-box\"><\/div>\r\n                    <div class=\"port-img width-img img-bg\" style=\"background-image:url(https:\/\/mistolinproducts.com\/wp-content\/uploads\/2020\/11\/15-Lavender.jpg);\"><\/div>\r\n                    <div class=\"img-mask\"><\/div>\r\n                    <div class=\"port-dbox\">\r\n                        <div class=\"dbox-relative\">\r\n                            <h3>Lavender<\/h3>\r\n                             \r\n                            <p>Variedad 15 oz.<\/p>\r\n                        <\/div><!--\/.dbox-relative-->\r\n                    <\/div><!--\/.port-dbox-->\r\n                <\/div><!--\/.port-inner-->\r\n                \r\n                \r\n                \r\n            <\/div><!--.port-item-->\r\n           \r\n                        \r\n                        <div class=\"col-md-3             port-item variedad-oz- post-1706 portfolio type-portfolio status-publish has-post-thumbnail hentry portfolio_category-28oz\" id=\"post-1706\">\r\n                \r\n                <div class=\"port-inner\">\r\n                    <a class=\"port-link\" href=\"https:\/\/mistolinproducts.com\/en\/portfolio\/28oz\/\" ><\/a>\r\n                    <div class=\"port-box\"><\/div>\r\n                    <div class=\"port-img width-img img-bg\" style=\"background-image:url(https:\/\/mistolinproducts.com\/wp-content\/uploads\/2020\/11\/28-Baby.jpg);\"><\/div>\r\n                    <div class=\"img-mask\"><\/div>\r\n                    <div class=\"port-dbox\">\r\n                        <div class=\"dbox-relative\">\r\n                            <h3>Baby<\/h3>\r\n                             \r\n                            <p>Variedad 28 oz.<\/p>\r\n                        <\/div><!--\/.dbox-relative-->\r\n                    <\/div><!--\/.port-dbox-->\r\n                <\/div><!--\/.port-inner-->\r\n                \r\n                \r\n                \r\n            <\/div><!--.port-item-->\r\n           \r\n                        \r\n                        <div class=\"col-md-3             port-item variedad-oz- post-1739 portfolio type-portfolio status-publish has-post-thumbnail hentry portfolio_category-64oz\" id=\"post-1739\">\r\n                \r\n                <div class=\"port-inner\">\r\n                    <a class=\"port-link\" href=\"https:\/\/mistolinproducts.com\/en\/portfolio\/64oz\/\" ><\/a>\r\n                    <div class=\"port-box\"><\/div>\r\n                    <div class=\"port-img width-img img-bg\" style=\"background-image:url(https:\/\/mistolinproducts.com\/wp-content\/uploads\/2020\/11\/64-Lilac.jpg);\"><\/div>\r\n                    <div class=\"img-mask\"><\/div>\r\n                    <div class=\"port-dbox\">\r\n                        <div class=\"dbox-relative\">\r\n                            <h3>Lilac<\/h3>\r\n                             \r\n                            <p>Variedad 64 oz.<\/p>\r\n                        <\/div><!--\/.dbox-relative-->\r\n                    <\/div><!--\/.port-dbox-->\r\n                <\/div><!--\/.port-inner-->\r\n                \r\n                \r\n                \r\n            <\/div><!--.port-item-->\r\n           \r\n                        \r\n                        <div class=\"col-md-3             port-item variedad-oz- post-1752 portfolio type-portfolio status-publish has-post-thumbnail hentry portfolio_category-128oz\" id=\"post-1752\">\r\n                \r\n                <div class=\"port-inner\">\r\n                    <a class=\"port-link\" href=\"https:\/\/mistolinproducts.com\/en\/portfolio\/128oz\/\" ><\/a>\r\n                    <div class=\"port-box\"><\/div>\r\n                    <div class=\"port-img width-img img-bg\" style=\"background-image:url(https:\/\/mistolinproducts.com\/wp-content\/uploads\/2020\/11\/128-Floral.jpg);\"><\/div>\r\n                    <div class=\"img-mask\"><\/div>\r\n                    <div class=\"port-dbox\">\r\n                        <div class=\"dbox-relative\">\r\n                            <h3>Floral<\/h3>\r\n                             \r\n                            <p>Variedad 128 oz.<\/p>\r\n                        <\/div><!--\/.dbox-relative-->\r\n                    <\/div><!--\/.port-dbox-->\r\n                <\/div><!--\/.port-inner-->\r\n                \r\n                \r\n                \r\n            <\/div><!--.port-item-->\r\n           \r\n                        \r\n                        <div class=\"col-md-3             port-item variedad-oz- post-1726 portfolio type-portfolio status-publish has-post-thumbnail hentry portfolio_category-32oz\" id=\"post-1726\">\r\n                \r\n                <div class=\"port-inner\">\r\n                    <a class=\"port-link\" href=\"https:\/\/mistolinproducts.com\/en\/portfolio\/32oz\/\" ><\/a>\r\n                    <div class=\"port-box\"><\/div>\r\n                    <div class=\"port-img width-img img-bg\" style=\"background-image:url(https:\/\/mistolinproducts.com\/wp-content\/uploads\/2020\/11\/32-Glass-Cleaner.jpg);\"><\/div>\r\n                    <div class=\"img-mask\"><\/div>\r\n                    <div class=\"port-dbox\">\r\n                        <div class=\"dbox-relative\">\r\n                            <h3>Glass Cleaner<\/h3>\r\n                             \r\n                            <p>Variedad 32 oz.<\/p>\r\n                        <\/div><!--\/.dbox-relative-->\r\n                    <\/div><!--\/.port-dbox-->\r\n                <\/div><!--\/.port-inner-->\r\n                \r\n                \r\n                \r\n            <\/div><!--.port-item-->\r\n           \r\n                        \r\n                        <div class=\"col-md-3             port-item variedad-oz- post-1764 portfolio type-portfolio status-publish has-post-thumbnail hentry portfolio_category-14oz\" id=\"post-1764\">\r\n                \r\n                <div class=\"port-inner\">\r\n                    <a class=\"port-link\" href=\"https:\/\/mistolinproducts.com\/en\/portfolio\/liquido-de-fregar\/\" ><\/a>\r\n                    <div class=\"port-box\"><\/div>\r\n                    <div class=\"port-img width-img img-bg\" style=\"background-image:url(https:\/\/mistolinproducts.com\/wp-content\/uploads\/2020\/11\/14-Liquido-de-Fregar-Verde.jpg);\"><\/div>\r\n                    <div class=\"img-mask\"><\/div>\r\n                    <div class=\"port-dbox\">\r\n                        <div class=\"dbox-relative\">\r\n                            <h3>L\u00edquido de Fregar<\/h3>\r\n                             \r\n                            <p>Variedad 14 oz.<\/p>\r\n                        <\/div><!--\/.dbox-relative-->\r\n                    <\/div><!--\/.port-dbox-->\r\n                <\/div><!--\/.port-inner-->\r\n                \r\n                \r\n                \r\n            <\/div><!--.port-item-->\r\n           \r\n                        \r\n                        <div class=\"col-md-3             port-item variedad-oz- post-1773 portfolio type-portfolio status-publish has-post-thumbnail hentry portfolio_category-50oz\" id=\"post-1773\">\r\n                \r\n                <div class=\"port-inner\">\r\n                    <a class=\"port-link\" href=\"https:\/\/mistolinproducts.com\/en\/portfolio\/detergente\/\" ><\/a>\r\n                    <div class=\"port-box\"><\/div>\r\n                    <div class=\"port-img width-img img-bg\" style=\"background-image:url(https:\/\/mistolinproducts.com\/wp-content\/uploads\/2020\/11\/50-Detergente.jpg);\"><\/div>\r\n                    <div class=\"img-mask\"><\/div>\r\n                    <div class=\"port-dbox\">\r\n                        <div class=\"dbox-relative\">\r\n                            <h3>Detergente<\/h3>\r\n                             \r\n                            <p>Variedad 50 oz.<\/p>\r\n                        <\/div><!--\/.dbox-relative-->\r\n                    <\/div><!--\/.port-dbox-->\r\n                <\/div><!--\/.port-inner-->\r\n                \r\n                \r\n                \r\n            <\/div><!--.port-item-->\r\n           \r\n                        \r\n                        <div class=\"col-md-3             port-item variedad-oz- post-1781 portfolio type-portfolio status-publish has-post-thumbnail hentry portfolio_category-50oz\" id=\"post-1781\">\r\n                \r\n                <div class=\"port-inner\">\r\n                    <a class=\"port-link\" href=\"https:\/\/mistolinproducts.com\/en\/portfolio\/sauvizador\/\" ><\/a>\r\n                    <div class=\"port-box\"><\/div>\r\n                    <div class=\"port-img width-img img-bg\" style=\"background-image:url(https:\/\/mistolinproducts.com\/wp-content\/uploads\/2020\/11\/50-Suavizador.jpg);\"><\/div>\r\n                    <div class=\"img-mask\"><\/div>\r\n                    <div class=\"port-dbox\">\r\n                        <div class=\"dbox-relative\">\r\n                            <h3>Sauvizador<\/h3>\r\n                             \r\n                            <p>Variedad 50 oz.<\/p>\r\n                        <\/div><!--\/.dbox-relative-->\r\n                    <\/div><!--\/.port-dbox-->\r\n                <\/div><!--\/.port-inner-->\r\n                \r\n                \r\n                \r\n            <\/div><!--.port-item-->\r\n           \r\n                        \r\n                        <div class=\"col-md-3             port-item variedad-oz- post-1810 portfolio type-portfolio status-publish has-post-thumbnail hentry portfolio_category-32oz\" id=\"post-1810\">\r\n                \r\n                <div class=\"port-inner\">\r\n                    <a class=\"port-link\" href=\"https:\/\/mistolinproducts.com\/en\/portfolio\/multi-purpose-cleaner\/\" ><\/a>\r\n                    <div class=\"port-box\"><\/div>\r\n                    <div class=\"port-img width-img img-bg\" style=\"background-image:url(https:\/\/mistolinproducts.com\/wp-content\/uploads\/2020\/11\/32-Multi-Purpose.jpg);\"><\/div>\r\n                    <div class=\"img-mask\"><\/div>\r\n                    <div class=\"port-dbox\">\r\n                        <div class=\"dbox-relative\">\r\n                            <h3>Multi-Purpose Cleaner<\/h3>\r\n                             \r\n                            <p>Variedad 32 oz.<\/p>\r\n                        <\/div><!--\/.dbox-relative-->\r\n                    <\/div><!--\/.port-dbox-->\r\n                <\/div><!--\/.port-inner-->\r\n                \r\n                \r\n                \r\n            <\/div><!--.port-item-->\r\n           \r\n                        \r\n                        <div class=\"col-md-3             port-item variedad-oz- post-1817 portfolio type-portfolio status-publish has-post-thumbnail hentry portfolio_category-128oz\" id=\"post-1817\">\r\n                \r\n                <div class=\"port-inner\">\r\n                    <a class=\"port-link\" href=\"https:\/\/mistolinproducts.com\/en\/portfolio\/multi-purpose-cleaner-2\/\" ><\/a>\r\n                    <div class=\"port-box\"><\/div>\r\n                    <div class=\"port-img width-img img-bg\" style=\"background-image:url(https:\/\/mistolinproducts.com\/wp-content\/uploads\/2020\/11\/128-Multi-Purpose.jpg);\"><\/div>\r\n                    <div class=\"img-mask\"><\/div>\r\n                    <div class=\"port-dbox\">\r\n                        <div class=\"dbox-relative\">\r\n                            <h3>Multi-Purpose Cleaner<\/h3>\r\n                             \r\n                            <p>Variedad 128 oz.<\/p>\r\n                        <\/div><!--\/.dbox-relative-->\r\n                    <\/div><!--\/.port-dbox-->\r\n                <\/div><!--\/.port-inner-->\r\n                \r\n                \r\n                \r\n            <\/div><!--.port-item-->\r\n           \r\n                        \r\n                        <div class=\"col-md-3             port-item variedad-oz- post-1826 portfolio type-portfolio status-publish has-post-thumbnail hentry portfolio_category-128oz\" id=\"post-1826\">\r\n                \r\n                <div class=\"port-inner\">\r\n                    <a class=\"port-link\" href=\"https:\/\/mistolinproducts.com\/en\/portfolio\/liquido-de-fregar-2\/\" ><\/a>\r\n                    <div class=\"port-box\"><\/div>\r\n                    <div class=\"port-img width-img img-bg\" style=\"background-image:url(https:\/\/mistolinproducts.com\/wp-content\/uploads\/2020\/11\/128-Liquido-de-Fregar.jpg);\"><\/div>\r\n                    <div class=\"img-mask\"><\/div>\r\n                    <div class=\"port-dbox\">\r\n                        <div class=\"dbox-relative\">\r\n                            <h3>L\u00edquido de Fregar<\/h3>\r\n                             \r\n                            <p>Variedad 128 oz.<\/p>\r\n                        <\/div><!--\/.dbox-relative-->\r\n                    <\/div><!--\/.port-dbox-->\r\n                <\/div><!--\/.port-inner-->\r\n                \r\n                \r\n                \r\n            <\/div><!--.port-item-->\r\n           \r\n                        \r\n                        <div class=\"col-md-3             port-item variedad-oz- post-1833 portfolio type-portfolio status-publish has-post-thumbnail hentry portfolio_category-128oz\" id=\"post-1833\">\r\n                \r\n                <div class=\"port-inner\">\r\n                    <a class=\"port-link\" href=\"https:\/\/mistolinproducts.com\/en\/portfolio\/desinfectante\/\" ><\/a>\r\n                    <div class=\"port-box\"><\/div>\r\n                    <div class=\"port-img width-img img-bg\" style=\"background-image:url(https:\/\/mistolinproducts.com\/wp-content\/uploads\/2020\/11\/128-Desinfectante.jpg);\"><\/div>\r\n                    <div class=\"img-mask\"><\/div>\r\n                    <div class=\"port-dbox\">\r\n                        <div class=\"dbox-relative\">\r\n                            <h3>Desinfectante<\/h3>\r\n                             \r\n                            <p>Variedad 128 oz.<\/p>\r\n                        <\/div><!--\/.dbox-relative-->\r\n                    <\/div><!--\/.port-dbox-->\r\n                <\/div><!--\/.port-inner-->\r\n                \r\n                \r\n                \r\n            <\/div><!--.port-item-->\r\n           \r\n                                      \r\n                            \r\n        <\/div><!--\/.portfolio-body-->\r\n                        \r\n\t\t\t\t\t\t<\/div>\n\t\t\t\t<\/div>\n\t\t\t\t\t<\/div>\n\t\t<\/div>\n\t\t\t\t\t<\/div>\n\t\t<\/section>\n\t\t\t\t<\/div>","protected":false},"excerpt":{"rendered":"<p>PRODUCTOS Con nuestros productos de limpieza podr\u00e1s mantener tu hogar limpio. Adem\u00e1s de eso, tu hogar oler\u00e1 espectacular con nuestras fragancias. Lavender Variedad 15 oz. Baby Variedad 28 oz. Lilac Variedad 64 oz. Floral Variedad 128 oz. Glass Cleaner Variedad 32 oz. L\u00edquido de Fregar Variedad 14 oz. Detergente Variedad 50 oz. Sauvizador Variedad 50 oz. Multi-Purpose Cleaner Variedad 32 &hellip;<\/p>","protected":false},"author":2,"featured_media":0,"parent":0,"menu_order":0,"comment_status":"closed","ping_status":"closed","template":"blank-builder.php","meta":{"pgc_sgb_lightbox_settings":"","footnotes":""},"class_list":["post-941","page","type-page","status-publish","hentry"],"_links":{"self":[{"href":"https:\/\/mistolinproducts.com\/en\/wp-json\/wp\/v2\/pages\/941","targetHints":{"allow":["GET"]}}],"collection":[{"href":"https:\/\/mistolinproducts.com\/en\/wp-json\/wp\/v2\/pages"}],"about":[{"href":"https:\/\/mistolinproducts.com\/en\/wp-json\/wp\/v2\/types\/page"}],"author":[{"embeddable":true,"href":"https:\/\/mistolinproducts.com\/en\/wp-json\/wp\/v2\/users\/2"}],"replies":[{"embeddable":true,"href":"https:\/\/mistolinproducts.com\/en\/wp-json\/wp\/v2\/comments?post=941"}],"version-history":[{"count":26,"href":"https:\/\/mistolinproducts.com\/en\/wp-json\/wp\/v2\/pages\/941\/revisions"}],"predecessor-version":[{"id":2372,"href":"https:\/\/mistolinproducts.com\/en\/wp-json\/wp\/v2\/pages\/941\/revisions\/2372"}],"wp:attachment":[{"href":"https:\/\/mistolinproducts.com\/en\/wp-json\/wp\/v2\/media?parent=941"}],"curies":[{"name":"wp","href":"https:\/\/api.w.org\/{rel}","templated":true}]}}